{"id":111,"date":"2013-12-04T16:41:16","date_gmt":"2013-12-04T16:41:16","guid":{"rendered":"http:\/\/www.casasruralesgomera.com\/web\/?page_id=111"},"modified":"2013-12-04T16:45:01","modified_gmt":"2013-12-04T16:45:01","slug":"terminos-de-uso","status":"publish","type":"page","link":"http:\/\/www.casasruralesgomera.com\/web\/terminos-de-uso\/","title":{"rendered":"T\u00e9rminos de uso"},"content":{"rendered":"<div>\n<div>\n<p align=\"center\"><strong>CONDICIONES GENERALES DE CASAS RURALES GOMERA<\/strong><\/p>\n<p><strong>1. Sobre el contrato-reserva<\/strong><\/p>\n<ul>\n<li>Una vez se haya asegurado de que podemos ofrecerles el alojamiento solicitado para las fechas que desean, env\u00edennos por e-mail o tel\u00e9fono su reserva.<\/li>\n<li>Al recibo de \u00e9sta les reservaremos el alojamiento para las fechas que nos indiquen y les enviaremos la confirmaci\u00f3n de la reserva.<\/li>\n<li>Al recibo de \u00e9sta, y en el plazo de 7 d\u00edas, deber\u00e1 efectuarse el pago del 50 % del importe total del alquiler en concepto de garant\u00eda.<\/li>\n<li>La reserva ser\u00e1 firme una vez hayamos recibido el dep\u00f3sito y en este momento se considerar\u00e1 firmado el contrato.<\/li>\n<li>La cantidad restante se pagar\u00e1 en efectivo a la llegada al alojamiento. En el caso en que los pagos no se realicen tal y como est\u00e1 redactado en este contrato, <strong>CASAS RURALES GOMERA<\/strong> puede cancelar la reserva y cobrar gastos de cancelaci\u00f3n.<\/li>\n<\/ul>\n<p><strong>2. Servicios<\/strong><\/p>\n<p>El servicio que les ofrece <strong>CASAS RURALES GOMERA <\/strong>es de trato directo con el propietario.<\/p>\n<p>Las propiedades que les ofrecemos son casas con una calidad media-alta.<\/p>\n<p><strong>3. Obligatoriedad de cooperaci\u00f3n<\/strong><\/p>\n<ul>\n<li>El inquilino deber\u00e1 comunicar a <strong>CASAS RURALES GOMERA<\/strong> en un plazo m\u00e1ximo de 24 horas los posibles desperfectos que encuentre en la propiedad alquilada, tanto en el edificio como en el mobiliario o equipamiento, con el objeto de poder llevar a cabo cuanto antes los correspondientes arreglos o reparaciones.<\/li>\n<li>Las reclamaciones hechas posteriormente no podr\u00e1n ser tenidas en consideraci\u00f3n.<\/li>\n<li>El inquilino tiene la obligaci\u00f3n de tratar con cuidado la propiedad alquilada, su mobiliario y equipamiento y a comunicar a <strong>CASAS RURALES GOMERA<\/strong> cualquier desperfecto que ocasione, siendo el \u00fanico responsable de las reparaciones y\/o costes de cuanto haya de ser sustituido o renovado.<\/li>\n<\/ul>\n<p>En el caso de que haya alguna aver\u00eda grave en la propiedad alquilada, <strong>CASAS RURALES GOMERA<\/strong> se compromete a cambiarla por otra casa de caracter\u00edsticas similares, en caso de ser posible, o a devolver el dinero.<\/p>\n<p><strong>4. Cancelaci\u00f3n del contrato<\/strong><\/p>\n<ul>\n<li>En caso de cancelaci\u00f3n de la reserva hasta 30 d\u00edas antes de comenzar la estancia o de no presentarse los inquilinos, <strong>CASAS RURALES GOMERA <\/strong>cobrar\u00e1 en concepto de gastos de cancelaci\u00f3n el 50% del precio total de la reserva.<\/li>\n<li>El inquilino tiene la posibilidad de cancelar la reserva con anterioridad al comienzo de la estancia presentando a otro inquilino que asuma las obligaciones adquiridas del primero, y contemplando las mismas condiciones.<\/li>\n<li>Un cambio de fechas puede hacerse s\u00f3lo si lo permite la ocupaci\u00f3n y, por supuesto, si hay fechas disponibles.<\/li>\n<li>Cambios de propiedad con objeto de alquiler y duraci\u00f3n de la estancia pueden hacerse mediante anulaci\u00f3n del viaje de acuerdo con las condiciones antes mencionadas y haciendo una nueva reserva.<\/li>\n<\/ul>\n<p>Los gastos para la administraci\u00f3n por cualquier cambio ascienden a 50,00 \u20ac adicionales.<\/p>\n<\/div>\n<\/div>\n","protected":false},"excerpt":{"rendered":"<p>CONDICIONES GENERALES DE CASAS RURALES GOMERA 1. Sobre el contrato-reserva Una vez se haya asegurado de que podemos ofrecerles el alojamiento solicitado para las fechas que desean, env\u00edennos por e-mail o tel\u00e9fono su reserva. Al recibo de \u00e9sta les reservaremos el alojamiento para las fechas que nos indiquen y les \u2026 <a class=\"continue-reading-link\" href=\"http:\/\/www.casasruralesgomera.com\/web\/terminos-de-uso\/\"> <span class=\"meta-nav\">&rarr; <\/span><\/a><\/p>\n","protected":false},"author":1,"featured_media":0,"parent":0,"menu_order":0,"comment_status":"closed","ping_status":"closed","template":"","meta":{"ngg_post_thumbnail":0},"yoast_head":"<!-- This site is optimized with the Yoast SEO plugin v18.0 - https:\/\/yoast.com\/wordpress\/plugins\/seo\/ -->\n<title>T\u00e9rminos de usoTerms of Use Nutzungsbedingungen<\/title>\n<meta name=\"description\" content=\"CONDICIONES GENERALES DE CASAS RURALES GOMERA 1. Sobre el contrato-reserva Una vez se haya asegurado de que podemos ofrecerles el alojamiento solicitado\" \/>\n<meta name=\"robots\" content=\"index, follow, max-snippet:-1, max-image-preview:large, max-video-preview:-1\" \/>\n<link rel=\"canonical\" href=\"http:\/\/www.casasruralesgomera.com\/web\/terminos-de-uso\/\" \/>\n<meta property=\"og:locale\" content=\"es_ES\" \/>\n<meta property=\"og:type\" content=\"article\" \/>\n<meta property=\"og:title\" content=\"T\u00e9rminos de usoTerms of Use Nutzungsbedingungen\" \/>\n<meta property=\"og:description\" content=\"CONDICIONES GENERALES DE CASAS RURALES GOMERA 1. Sobre el contrato-reserva Una vez se haya asegurado de que podemos ofrecerles el alojamiento solicitado\" \/>\n<meta property=\"og:url\" content=\"http:\/\/www.casasruralesgomera.com\/web\/terminos-de-uso\/\" \/>\n<meta property=\"og:site_name\" content=\"Casas Rurales Gomera\" \/>\n<meta property=\"article:modified_time\" content=\"2013-12-04T16:45:01+00:00\" \/>\n<meta name=\"twitter:label1\" content=\"Tiempo de lectura\" \/>\n\t<meta name=\"twitter:data1\" content=\"6 minutos\" \/>\n<script type=\"application\/ld+json\" class=\"yoast-schema-graph\">{\"@context\":\"https:\/\/schema.org\",\"@graph\":[{\"@type\":\"WebSite\",\"@id\":\"http:\/\/www.casasruralesgomera.com\/web\/#website\",\"url\":\"http:\/\/www.casasruralesgomera.com\/web\/\",\"name\":\"Casas Rurales Gomera\",\"description\":\"\",\"potentialAction\":[{\"@type\":\"SearchAction\",\"target\":{\"@type\":\"EntryPoint\",\"urlTemplate\":\"http:\/\/www.casasruralesgomera.com\/web\/?s={search_term_string}\"},\"query-input\":\"required name=search_term_string\"}],\"inLanguage\":\"es\"},{\"@type\":\"WebPage\",\"@id\":\"http:\/\/www.casasruralesgomera.com\/web\/terminos-de-uso\/#webpage\",\"url\":\"http:\/\/www.casasruralesgomera.com\/web\/terminos-de-uso\/\",\"name\":\"T\u00e9rminos de usoTerms of Use Nutzungsbedingungen\",\"isPartOf\":{\"@id\":\"http:\/\/www.casasruralesgomera.com\/web\/#website\"},\"datePublished\":\"2013-12-04T16:41:16+00:00\",\"dateModified\":\"2013-12-04T16:45:01+00:00\",\"description\":\"CONDICIONES GENERALES DE CASAS RURALES GOMERA 1. Sobre el contrato-reserva Una vez se haya asegurado de que podemos ofrecerles el alojamiento solicitado\",\"breadcrumb\":{\"@id\":\"http:\/\/www.casasruralesgomera.com\/web\/terminos-de-uso\/#breadcrumb\"},\"inLanguage\":\"es\",\"potentialAction\":[{\"@type\":\"ReadAction\",\"target\":[\"http:\/\/www.casasruralesgomera.com\/web\/terminos-de-uso\/\"]}]},{\"@type\":\"BreadcrumbList\",\"@id\":\"http:\/\/www.casasruralesgomera.com\/web\/terminos-de-uso\/#breadcrumb\",\"itemListElement\":[{\"@type\":\"ListItem\",\"position\":1,\"name\":\"T\u00e9rminos de uso\"}]}]}<\/script>\n<!-- \/ Yoast SEO plugin. -->","yoast_head_json":{"title":"T\u00e9rminos de usoTerms of Use Nutzungsbedingungen","description":"CONDICIONES GENERALES DE CASAS RURALES GOMERA 1. Sobre el contrato-reserva Una vez se haya asegurado de que podemos ofrecerles el alojamiento solicitado","robots":{"index":"index","follow":"follow","max-snippet":"max-snippet:-1","max-image-preview":"max-image-preview:large","max-video-preview":"max-video-preview:-1"},"canonical":"http:\/\/www.casasruralesgomera.com\/web\/terminos-de-uso\/","og_locale":"es_ES","og_type":"article","og_title":"T\u00e9rminos de usoTerms of Use Nutzungsbedingungen","og_description":"CONDICIONES GENERALES DE CASAS RURALES GOMERA 1. Sobre el contrato-reserva Una vez se haya asegurado de que podemos ofrecerles el alojamiento solicitado","og_url":"http:\/\/www.casasruralesgomera.com\/web\/terminos-de-uso\/","og_site_name":"Casas Rurales Gomera","article_modified_time":"2013-12-04T16:45:01+00:00","twitter_misc":{"Tiempo de lectura":"6 minutos"},"schema":{"@context":"https:\/\/schema.org","@graph":[{"@type":"WebSite","@id":"http:\/\/www.casasruralesgomera.com\/web\/#website","url":"http:\/\/www.casasruralesgomera.com\/web\/","name":"Casas Rurales Gomera","description":"","potentialAction":[{"@type":"SearchAction","target":{"@type":"EntryPoint","urlTemplate":"http:\/\/www.casasruralesgomera.com\/web\/?s={search_term_string}"},"query-input":"required name=search_term_string"}],"inLanguage":"es"},{"@type":"WebPage","@id":"http:\/\/www.casasruralesgomera.com\/web\/terminos-de-uso\/#webpage","url":"http:\/\/www.casasruralesgomera.com\/web\/terminos-de-uso\/","name":"T\u00e9rminos de usoTerms of Use Nutzungsbedingungen","isPartOf":{"@id":"http:\/\/www.casasruralesgomera.com\/web\/#website"},"datePublished":"2013-12-04T16:41:16+00:00","dateModified":"2013-12-04T16:45:01+00:00","description":"CONDICIONES GENERALES DE CASAS RURALES GOMERA 1. Sobre el contrato-reserva Una vez se haya asegurado de que podemos ofrecerles el alojamiento solicitado","breadcrumb":{"@id":"http:\/\/www.casasruralesgomera.com\/web\/terminos-de-uso\/#breadcrumb"},"inLanguage":"es","potentialAction":[{"@type":"ReadAction","target":["http:\/\/www.casasruralesgomera.com\/web\/terminos-de-uso\/"]}]},{"@type":"BreadcrumbList","@id":"http:\/\/www.casasruralesgomera.com\/web\/terminos-de-uso\/#breadcrumb","itemListElement":[{"@type":"ListItem","position":1,"name":"T\u00e9rminos de uso"}]}]}},"_links":{"self":[{"href":"http:\/\/www.casasruralesgomera.com\/web\/wp-json\/wp\/v2\/pages\/111"}],"collection":[{"href":"http:\/\/www.casasruralesgomera.com\/web\/wp-json\/wp\/v2\/pages"}],"about":[{"href":"http:\/\/www.casasruralesgomera.com\/web\/wp-json\/wp\/v2\/types\/page"}],"author":[{"embeddable":true,"href":"http:\/\/www.casasruralesgomera.com\/web\/wp-json\/wp\/v2\/users\/1"}],"replies":[{"embeddable":true,"href":"http:\/\/www.casasruralesgomera.com\/web\/wp-json\/wp\/v2\/comments?post=111"}],"version-history":[{"count":3,"href":"http:\/\/www.casasruralesgomera.com\/web\/wp-json\/wp\/v2\/pages\/111\/revisions"}],"predecessor-version":[{"id":114,"href":"http:\/\/www.casasruralesgomera.com\/web\/wp-json\/wp\/v2\/pages\/111\/revisions\/114"}],"wp:attachment":[{"href":"http:\/\/www.casasruralesgomera.com\/web\/wp-json\/wp\/v2\/media?parent=111"}],"curies":[{"name":"wp","href":"https:\/\/api.w.org\/{rel}","templated":true}]}}