{"id":19,"date":"2013-12-04T10:58:21","date_gmt":"2013-12-04T10:58:21","guid":{"rendered":"http:\/\/www.casasruralesgomera.com\/web\/?page_id=19"},"modified":"2021-08-10T19:39:34","modified_gmt":"2021-08-10T19:39:34","slug":"casas-rurales-gomera-2","status":"publish","type":"page","link":"http:\/\/www.casasruralesgomera.com\/web\/","title":{"rendered":"Casas Rurales Gomera"},"content":{"rendered":"<p>Casas Rurales Gomera es un grupo de casas rurales situadas en la Isla de La Gomera, Islas Canarias, Espa\u00f1a. Casas Rurales Gomera se compone de 4 magn\u00edficas Casas rurales:<\/p>\n<table border=\"1\" width=\"733\" cellpadding=\"1\" bgcolor=\"FFFFFF\">\n<tbody>\n<tr>\n<td>\n<p><div id=\"attachment_11\" style=\"width: 145px\" class=\"wp-caption alignnone\"><a href=\"http:\/\/www.casasruralesgomera.com\/web\/casa-barranco\/\"><img aria-describedby=\"caption-attachment-11\" loading=\"lazy\" class=\" wp-image-11 \" src=\"http:\/\/www.casasruralesgomera.com\/web\/wp-content\/uploads\/2013\/12\/Casa-Barranco-300x245.jpg\" alt=\"Casa-Barranco\" width=\"135\" height=\"115\"><\/a><p id=\"caption-attachment-11\" class=\"wp-caption-text\"><span style=\"color: #000000;\">Casa Barranco<\/span><\/p><\/div><\/td>\n<td>\n<p><div id=\"attachment_12\" style=\"width: 145px\" class=\"wp-caption alignnone\"><a href=\"http:\/\/www.casasruralesgomera.com\/web\/casa-banda-de-las-rosas\/\"><img aria-describedby=\"caption-attachment-12\" loading=\"lazy\" class=\" wp-image-12 \" src=\"http:\/\/www.casasruralesgomera.com\/web\/wp-content\/uploads\/2013\/12\/Casa-Banda-Las-Rosas-300x245.jpg\" alt=\"Casa-Banda-Las-Rosas\" width=\"135\" height=\"115\"><\/a><p id=\"caption-attachment-12\" class=\"wp-caption-text\"><span style=\"color: #000000;\">Casa Las Rosas<\/span><\/p><\/div><\/td>\n<td>\n<p><div id=\"attachment_14\" style=\"width: 145px\" class=\"wp-caption alignnone\"><a href=\"http:\/\/www.casasruralesgomera.com\/web\/casa-risco-padron\/\"><img aria-describedby=\"caption-attachment-14\" loading=\"lazy\" class=\" wp-image-14 \" src=\"http:\/\/www.casasruralesgomera.com\/web\/wp-content\/uploads\/2013\/12\/Casa-Risco-Padron-300x245.jpg\" alt=\"Casa-Risco-Padron\" width=\"135\" height=\"115\"><\/a><p id=\"caption-attachment-14\" class=\"wp-caption-text\"><span style=\"color: #000000;\">Casa Risco Padr\u00f3n<\/span><\/p><\/div><\/td>\n<td>&nbsp;<\/td>\n<\/tr>\n<\/tbody>\n<\/table>\n<p>Todas nuestras casas de alquiler est\u00e1n completamente equipadas, con todas las facilidades necesarias para el confort de sus vacaciones en la isla de la Gomera.<\/p>\n<p>Estamos ubicados en el barrio de Los Chapines, Vallehermoso, Isla de La Gomera, Islas Canarias, Muy cerca del Parque Nacional Garajonay, declarado Patrimonio de la Humanidad por la UNESCO en 1986.<\/p>\n<p>Usted se sentir\u00e1 en un entorno tranquilo y apacible con la belleza que la Isla de La Gomera tiene para ofrecerle.<\/p>\n<p>Brindamos los mejores servicios de alojamiento a todos nuestros clientes.<\/p>\n<p>Todos los hu\u00e9spedes pueden beneficiarse de las vacaciones en nuestras casas y pasar un momento inolvidable en nuestro entorno tranquilo y paradis\u00edaco.<\/p>\n<p>&nbsp;<\/p>\n","protected":false},"excerpt":{"rendered":"<p>Casas Rurales Gomera es un grupo de casas rurales situadas en la Isla de La Gomera, Islas Canarias, Espa\u00f1a. Casas Rurales Gomera se compone de 4 magn\u00edficas Casas rurales: &nbsp; Todas nuestras casas de alquiler est\u00e1n completamente equipadas, con todas las facilidades necesarias para el confort de sus vacaciones en \u2026 <a class=\"continue-reading-link\" href=\"http:\/\/www.casasruralesgomera.com\/web\/\"> <span class=\"meta-nav\">&rarr; <\/span><\/a><\/p>\n","protected":false},"author":1,"featured_media":0,"parent":0,"menu_order":0,"comment_status":"closed","ping_status":"closed","template":"","meta":{"ngg_post_thumbnail":0},"yoast_head":"<!-- This site is optimized with the Yoast SEO plugin v18.0 - https:\/\/yoast.com\/wordpress\/plugins\/seo\/ -->\n<title>Alquiler Casas Rurales Gomera en Vallehermoso, La Gomera, Canarias<\/title>\n<meta name=\"description\" content=\"Casas Rurales Gomera es un grupo de casas rurales situadas en la Isla de La Gomera, Islas Canarias, Espa\u00f1a y se compone de 4 magn\u00edficas casas\" \/>\n<meta name=\"robots\" content=\"index, follow, max-snippet:-1, max-image-preview:large, max-video-preview:-1\" \/>\n<link rel=\"canonical\" href=\"http:\/\/www.casasruralesgomera.com\/web\/\" \/>\n<meta property=\"og:locale\" content=\"es_ES\" \/>\n<meta property=\"og:type\" content=\"article\" \/>\n<meta property=\"og:title\" content=\"Alquiler Casas Rurales Gomera en Vallehermoso, La Gomera, Canarias\" \/>\n<meta property=\"og:description\" content=\"Casas Rurales Gomera es un grupo de casas rurales situadas en la Isla de La Gomera, Islas Canarias, Espa\u00f1a y se compone de 4 magn\u00edficas casas\" \/>\n<meta property=\"og:url\" content=\"http:\/\/www.casasruralesgomera.com\/web\/\" \/>\n<meta property=\"og:site_name\" content=\"Casas Rurales Gomera\" \/>\n<meta property=\"article:modified_time\" content=\"2021-08-10T19:39:34+00:00\" \/>\n<meta property=\"og:image\" content=\"http:\/\/www.casasruralesgomera.com\/web\/wp-content\/uploads\/2013\/12\/Casa-Barranco-300x245.jpg\" \/>\n<meta name=\"twitter:label1\" content=\"Tiempo de lectura\" \/>\n\t<meta name=\"twitter:data1\" content=\"4 minutos\" \/>\n<script type=\"application\/ld+json\" class=\"yoast-schema-graph\">{\"@context\":\"https:\/\/schema.org\",\"@graph\":[{\"@type\":\"WebSite\",\"@id\":\"http:\/\/www.casasruralesgomera.com\/web\/#website\",\"url\":\"http:\/\/www.casasruralesgomera.com\/web\/\",\"name\":\"Casas Rurales Gomera\",\"description\":\"\",\"potentialAction\":[{\"@type\":\"SearchAction\",\"target\":{\"@type\":\"EntryPoint\",\"urlTemplate\":\"http:\/\/www.casasruralesgomera.com\/web\/?s={search_term_string}\"},\"query-input\":\"required name=search_term_string\"}],\"inLanguage\":\"es\"},{\"@type\":\"ImageObject\",\"@id\":\"http:\/\/www.casasruralesgomera.com\/web\/#primaryimage\",\"inLanguage\":\"es\",\"url\":\"http:\/\/www.casasruralesgomera.com\/web\/wp-content\/uploads\/2013\/12\/Casa-Barranco.jpg\",\"contentUrl\":\"http:\/\/www.casasruralesgomera.com\/web\/wp-content\/uploads\/2013\/12\/Casa-Barranco.jpg\",\"width\":306,\"height\":250},{\"@type\":\"WebPage\",\"@id\":\"http:\/\/www.casasruralesgomera.com\/web\/#webpage\",\"url\":\"http:\/\/www.casasruralesgomera.com\/web\/\",\"name\":\"Alquiler Casas Rurales Gomera en Vallehermoso, La Gomera, Canarias\",\"isPartOf\":{\"@id\":\"http:\/\/www.casasruralesgomera.com\/web\/#website\"},\"primaryImageOfPage\":{\"@id\":\"http:\/\/www.casasruralesgomera.com\/web\/#primaryimage\"},\"datePublished\":\"2013-12-04T10:58:21+00:00\",\"dateModified\":\"2021-08-10T19:39:34+00:00\",\"description\":\"Casas Rurales Gomera es un grupo de casas rurales situadas en la Isla de La Gomera, Islas Canarias, Espa\u00f1a y se compone de 4 magn\u00edficas casas\",\"breadcrumb\":{\"@id\":\"http:\/\/www.casasruralesgomera.com\/web\/#breadcrumb\"},\"inLanguage\":\"es\",\"potentialAction\":[{\"@type\":\"ReadAction\",\"target\":[\"http:\/\/www.casasruralesgomera.com\/web\/\"]}]},{\"@type\":\"BreadcrumbList\",\"@id\":\"http:\/\/www.casasruralesgomera.com\/web\/#breadcrumb\",\"itemListElement\":[{\"@type\":\"ListItem\",\"position\":1,\"name\":\"Casas Rurales Gomera\"}]}]}<\/script>\n<!-- \/ Yoast SEO plugin. -->","yoast_head_json":{"title":"Alquiler Casas Rurales Gomera en Vallehermoso, La Gomera, Canarias","description":"Casas Rurales Gomera es un grupo de casas rurales situadas en la Isla de La Gomera, Islas Canarias, Espa\u00f1a y se compone de 4 magn\u00edficas casas","robots":{"index":"index","follow":"follow","max-snippet":"max-snippet:-1","max-image-preview":"max-image-preview:large","max-video-preview":"max-video-preview:-1"},"canonical":"http:\/\/www.casasruralesgomera.com\/web\/","og_locale":"es_ES","og_type":"article","og_title":"Alquiler Casas Rurales Gomera en Vallehermoso, La Gomera, Canarias","og_description":"Casas Rurales Gomera es un grupo de casas rurales situadas en la Isla de La Gomera, Islas Canarias, Espa\u00f1a y se compone de 4 magn\u00edficas casas","og_url":"http:\/\/www.casasruralesgomera.com\/web\/","og_site_name":"Casas Rurales Gomera","article_modified_time":"2021-08-10T19:39:34+00:00","og_image":[{"url":"http:\/\/www.casasruralesgomera.com\/web\/wp-content\/uploads\/2013\/12\/Casa-Barranco-300x245.jpg"}],"twitter_misc":{"Tiempo de lectura":"4 minutos"},"schema":{"@context":"https:\/\/schema.org","@graph":[{"@type":"WebSite","@id":"http:\/\/www.casasruralesgomera.com\/web\/#website","url":"http:\/\/www.casasruralesgomera.com\/web\/","name":"Casas Rurales Gomera","description":"","potentialAction":[{"@type":"SearchAction","target":{"@type":"EntryPoint","urlTemplate":"http:\/\/www.casasruralesgomera.com\/web\/?s={search_term_string}"},"query-input":"required name=search_term_string"}],"inLanguage":"es"},{"@type":"ImageObject","@id":"http:\/\/www.casasruralesgomera.com\/web\/#primaryimage","inLanguage":"es","url":"http:\/\/www.casasruralesgomera.com\/web\/wp-content\/uploads\/2013\/12\/Casa-Barranco.jpg","contentUrl":"http:\/\/www.casasruralesgomera.com\/web\/wp-content\/uploads\/2013\/12\/Casa-Barranco.jpg","width":306,"height":250},{"@type":"WebPage","@id":"http:\/\/www.casasruralesgomera.com\/web\/#webpage","url":"http:\/\/www.casasruralesgomera.com\/web\/","name":"Alquiler Casas Rurales Gomera en Vallehermoso, La Gomera, Canarias","isPartOf":{"@id":"http:\/\/www.casasruralesgomera.com\/web\/#website"},"primaryImageOfPage":{"@id":"http:\/\/www.casasruralesgomera.com\/web\/#primaryimage"},"datePublished":"2013-12-04T10:58:21+00:00","dateModified":"2021-08-10T19:39:34+00:00","description":"Casas Rurales Gomera es un grupo de casas rurales situadas en la Isla de La Gomera, Islas Canarias, Espa\u00f1a y se compone de 4 magn\u00edficas casas","breadcrumb":{"@id":"http:\/\/www.casasruralesgomera.com\/web\/#breadcrumb"},"inLanguage":"es","potentialAction":[{"@type":"ReadAction","target":["http:\/\/www.casasruralesgomera.com\/web\/"]}]},{"@type":"BreadcrumbList","@id":"http:\/\/www.casasruralesgomera.com\/web\/#breadcrumb","itemListElement":[{"@type":"ListItem","position":1,"name":"Casas Rurales Gomera"}]}]}},"_links":{"self":[{"href":"http:\/\/www.casasruralesgomera.com\/web\/wp-json\/wp\/v2\/pages\/19"}],"collection":[{"href":"http:\/\/www.casasruralesgomera.com\/web\/wp-json\/wp\/v2\/pages"}],"about":[{"href":"http:\/\/www.casasruralesgomera.com\/web\/wp-json\/wp\/v2\/types\/page"}],"author":[{"embeddable":true,"href":"http:\/\/www.casasruralesgomera.com\/web\/wp-json\/wp\/v2\/users\/1"}],"replies":[{"embeddable":true,"href":"http:\/\/www.casasruralesgomera.com\/web\/wp-json\/wp\/v2\/comments?post=19"}],"version-history":[{"count":27,"href":"http:\/\/www.casasruralesgomera.com\/web\/wp-json\/wp\/v2\/pages\/19\/revisions"}],"predecessor-version":[{"id":285,"href":"http:\/\/www.casasruralesgomera.com\/web\/wp-json\/wp\/v2\/pages\/19\/revisions\/285"}],"wp:attachment":[{"href":"http:\/\/www.casasruralesgomera.com\/web\/wp-json\/wp\/v2\/media?parent=19"}],"curies":[{"name":"wp","href":"https:\/\/api.w.org\/{rel}","templated":true}]}}